{"id":909,"date":"2020-12-05T00:12:24","date_gmt":"2020-12-05T03:12:24","guid":{"rendered":"http:\/\/godoigodoy.site\/?page_id=909"},"modified":"2023-02-01T20:30:39","modified_gmt":"2023-02-01T23:30:39","slug":"categorias","status":"publish","type":"page","link":"https:\/\/gruporer.site\/oring\/categorias\/","title":{"rendered":"CATEGORIAS"},"content":{"rendered":"\t\t<div data-elementor-type=\"wp-page\" data-elementor-id=\"909\" class=\"elementor elementor-909\">\n\t\t\t\t\t\t<section class=\"elementor-section elementor-top-section elementor-element elementor-element-363017f elementor-section-height-min-height elementor-section-content-middle elementor-section-boxed elementor-section-height-default elementor-section-items-middle\" data-id=\"363017f\" data-element_type=\"section\" data-settings=\"{&quot;background_background&quot;:&quot;classic&quot;,&quot;shape_divider_bottom&quot;:&quot;triangle&quot;}\">\n\t\t\t\t\t\t\t<div class=\"elementor-background-overlay\"><\/div>\n\t\t\t\t\t\t<div class=\"elementor-shape elementor-shape-bottom\" data-negative=\"false\">\n\t\t\t<svg xmlns=\"http:\/\/www.w3.org\/2000\/svg\" viewBox=\"0 0 1000 100\" preserveAspectRatio=\"none\">\n\t<path class=\"elementor-shape-fill\" d=\"M500,98.9L0,6.1V0h1000v6.1L500,98.9z\"\/>\n<\/svg>\t\t<\/div>\n\t\t\t\t\t<div class=\"elementor-container elementor-column-gap-extended\">\n\t\t\t\t\t<div class=\"elementor-column elementor-col-16 elementor-top-column elementor-element elementor-element-c783b7a\" data-id=\"c783b7a\" data-element_type=\"column\">\n\t\t\t<div class=\"elementor-widget-wrap\">\n\t\t\t\t\t\t\t<\/div>\n\t\t<\/div>\n\t\t\t\t<div class=\"elementor-column elementor-col-66 elementor-top-column elementor-element elementor-element-8355c8e\" data-id=\"8355c8e\" data-element_type=\"column\">\n\t\t\t<div class=\"elementor-widget-wrap elementor-element-populated\">\n\t\t\t\t\t\t<div class=\"elementor-element elementor-element-0ca2689 elementor-widget elementor-widget-image\" data-id=\"0ca2689\" data-element_type=\"widget\" data-widget_type=\"image.default\">\n\t\t\t\t<div class=\"elementor-widget-container\">\n\t\t\t\t\t\t\t\t\t\t\t\t\t<img decoding=\"async\" src=\"http:\/\/godoigodoy.site\/wp-content\/uploads\/2020\/12\/divider-free-img-1.png\" title=\"\" alt=\"\" loading=\"lazy\" \/>\t\t\t\t\t\t\t\t\t\t\t\t\t<\/div>\n\t\t\t\t<\/div>\n\t\t\t\t<div class=\"elementor-element elementor-element-9a2b2c2 elementor-invisible elementor-widget elementor-widget-heading\" data-id=\"9a2b2c2\" data-element_type=\"widget\" data-settings=\"{&quot;_animation&quot;:&quot;fadeInUp&quot;,&quot;_animation_delay&quot;:200}\" data-widget_type=\"heading.default\">\n\t\t\t\t<div class=\"elementor-widget-container\">\n\t\t\t<h1 class=\"elementor-heading-title elementor-size-default\">Categorias<\/h1>\t\t<\/div>\n\t\t\t\t<\/div>\n\t\t\t\t<div class=\"elementor-element elementor-element-8c5a223 elementor-hidden-phone elementor-invisible elementor-widget elementor-widget-text-editor\" data-id=\"8c5a223\" data-element_type=\"widget\" data-settings=\"{&quot;_animation&quot;:&quot;fadeInUp&quot;,&quot;_animation_delay&quot;:400}\" data-widget_type=\"text-editor.default\">\n\t\t\t\t<div class=\"elementor-widget-container\">\n\t\t\t\t\t\t\t<p>Nosso cat\u00e1logo de produtos e vastos, procure pro categorias, se n\u00e3o encontrar entre em contato gostar\u00edamos de lhe atender da melhor maneira poss\u00edvel.<\/p>\t\t\t\t\t\t<\/div>\n\t\t\t\t<\/div>\n\t\t\t\t\t<\/div>\n\t\t<\/div>\n\t\t\t\t<div class=\"elementor-column elementor-col-16 elementor-top-column elementor-element elementor-element-23c8666\" data-id=\"23c8666\" data-element_type=\"column\">\n\t\t\t<div class=\"elementor-widget-wrap\">\n\t\t\t\t\t\t\t<\/div>\n\t\t<\/div>\n\t\t\t\t\t<\/div>\n\t\t<\/section>\n\t\t\t\t<section class=\"elementor-section elementor-top-section elementor-element elementor-element-827fd89 elementor-section-boxed elementor-section-height-default elementor-section-height-default\" data-id=\"827fd89\" data-element_type=\"section\" data-settings=\"{&quot;background_background&quot;:&quot;classic&quot;}\">\n\t\t\t\t\t\t<div class=\"elementor-container elementor-column-gap-default\">\n\t\t\t\t\t<div class=\"elementor-column elementor-col-100 elementor-top-column elementor-element elementor-element-083c0f1 elementor-invisible\" data-id=\"083c0f1\" data-element_type=\"column\" data-settings=\"{&quot;animation&quot;:&quot;fadeInUp&quot;,&quot;animation_delay&quot;:300}\">\n\t\t\t<div class=\"elementor-widget-wrap elementor-element-populated\">\n\t\t\t\t\t\t<div class=\"elementor-element elementor-element-035d331 elementor-widget elementor-widget-shortcode\" data-id=\"035d331\" data-element_type=\"widget\" data-widget_type=\"shortcode.default\">\n\t\t\t\t<div class=\"elementor-widget-container\">\n\t\t\t\t\t<div class=\"elementor-shortcode\"><div class=\"woocommerce columns-4\"><ul class=\"products columns-4\">\n<li class=\"product-category product first\">\n\t<a aria-label=\"Visit product category CASE\" href=\"https:\/\/gruporer.site\/oring\/categoria-produto\/case\/\"><img fetchpriority=\"high\" decoding=\"async\" src=\"https:\/\/gruporer.site\/oring\/wp-content\/uploads\/2020\/12\/logo-case.jpg\" alt=\"CASE\" width=\"300\" height=\"300\" srcset=\"https:\/\/gruporer.site\/oring\/wp-content\/uploads\/2020\/12\/logo-case.jpg 300w, https:\/\/gruporer.site\/oring\/wp-content\/uploads\/2020\/12\/logo-case-150x150.jpg 150w, https:\/\/gruporer.site\/oring\/wp-content\/uploads\/2020\/12\/logo-case-100x100.jpg 100w\" sizes=\"(max-width: 300px) 100vw, 300px\" \/>\t\t<h2 class=\"woocommerce-loop-category__title\">\n\t\t\tCASE<mark class=\"count\">2 Produtos<\/mark>\t\t<\/h2>\n\t\t<\/a><\/li>\n<li class=\"product-category product\">\n\t<a aria-label=\"Visit product category CATERPILLAR\" href=\"https:\/\/gruporer.site\/oring\/categoria-produto\/caterpillar\/\"><img decoding=\"async\" src=\"https:\/\/gruporer.site\/oring\/wp-content\/uploads\/2020\/12\/lojo-caterpillar.jpg\" alt=\"CATERPILLAR\" width=\"300\" height=\"300\" srcset=\"https:\/\/gruporer.site\/oring\/wp-content\/uploads\/2020\/12\/lojo-caterpillar.jpg 300w, https:\/\/gruporer.site\/oring\/wp-content\/uploads\/2020\/12\/lojo-caterpillar-100x100.jpg 100w, https:\/\/gruporer.site\/oring\/wp-content\/uploads\/2020\/12\/lojo-caterpillar-150x150.jpg 150w\" sizes=\"(max-width: 300px) 100vw, 300px\" \/>\t\t<h2 class=\"woocommerce-loop-category__title\">\n\t\t\tCATERPILLAR<mark class=\"count\">2 Produtos<\/mark>\t\t<\/h2>\n\t\t<\/a><\/li>\n<li class=\"product-category product\">\n\t<a aria-label=\"Visit product category DOOSAN\" href=\"https:\/\/gruporer.site\/oring\/categoria-produto\/doosan\/\"><img decoding=\"async\" src=\"https:\/\/gruporer.site\/oring\/wp-content\/uploads\/2020\/12\/logo-doosan.jpg\" alt=\"DOOSAN\" width=\"300\" height=\"300\" srcset=\"https:\/\/gruporer.site\/oring\/wp-content\/uploads\/2020\/12\/logo-doosan.jpg 300w, https:\/\/gruporer.site\/oring\/wp-content\/uploads\/2020\/12\/logo-doosan-150x150.jpg 150w, https:\/\/gruporer.site\/oring\/wp-content\/uploads\/2020\/12\/logo-doosan-100x100.jpg 100w\" sizes=\"(max-width: 300px) 100vw, 300px\" \/>\t\t<h2 class=\"woocommerce-loop-category__title\">\n\t\t\tDOOSAN<mark class=\"count\">2 Produtos<\/mark>\t\t<\/h2>\n\t\t<\/a><\/li>\n<li class=\"product-category product last\">\n\t<a aria-label=\"Visit product category HYUNDAI\" href=\"https:\/\/gruporer.site\/oring\/categoria-produto\/hyundai\/\"><img loading=\"lazy\" decoding=\"async\" src=\"https:\/\/gruporer.site\/oring\/wp-content\/uploads\/2020\/12\/logo-hyundai.jpg\" alt=\"HYUNDAI\" width=\"300\" height=\"300\" srcset=\"https:\/\/gruporer.site\/oring\/wp-content\/uploads\/2020\/12\/logo-hyundai.jpg 300w, https:\/\/gruporer.site\/oring\/wp-content\/uploads\/2020\/12\/logo-hyundai-150x150.jpg 150w, https:\/\/gruporer.site\/oring\/wp-content\/uploads\/2020\/12\/logo-hyundai-100x100.jpg 100w\" sizes=\"(max-width: 300px) 100vw, 300px\" \/>\t\t<h2 class=\"woocommerce-loop-category__title\">\n\t\t\tHYUNDAI<mark class=\"count\">2 Produtos<\/mark>\t\t<\/h2>\n\t\t<\/a><\/li>\n<li class=\"product-category product first\">\n\t<a aria-label=\"Visit product category JOHN DEERE\" href=\"https:\/\/gruporer.site\/oring\/categoria-produto\/john-deere\/\"><img loading=\"lazy\" decoding=\"async\" src=\"https:\/\/gruporer.site\/oring\/wp-content\/uploads\/2020\/12\/logo-jonhderre.jpg\" alt=\"JOHN DEERE\" width=\"300\" height=\"300\" srcset=\"https:\/\/gruporer.site\/oring\/wp-content\/uploads\/2020\/12\/logo-jonhderre.jpg 300w, https:\/\/gruporer.site\/oring\/wp-content\/uploads\/2020\/12\/logo-jonhderre-150x150.jpg 150w, https:\/\/gruporer.site\/oring\/wp-content\/uploads\/2020\/12\/logo-jonhderre-100x100.jpg 100w\" sizes=\"(max-width: 300px) 100vw, 300px\" \/>\t\t<h2 class=\"woocommerce-loop-category__title\">\n\t\t\tJOHN DEERE<mark class=\"count\">2 Produtos<\/mark>\t\t<\/h2>\n\t\t<\/a><\/li>\n<li class=\"product-category product\">\n\t<a aria-label=\"Visit product category KOMATSU\" href=\"https:\/\/gruporer.site\/oring\/categoria-produto\/komatsu\/\"><img loading=\"lazy\" decoding=\"async\" src=\"https:\/\/gruporer.site\/oring\/wp-content\/uploads\/2020\/12\/logo-komatsu.jpg\" alt=\"KOMATSU\" width=\"300\" height=\"300\" srcset=\"https:\/\/gruporer.site\/oring\/wp-content\/uploads\/2020\/12\/logo-komatsu.jpg 300w, https:\/\/gruporer.site\/oring\/wp-content\/uploads\/2020\/12\/logo-komatsu-150x150.jpg 150w, https:\/\/gruporer.site\/oring\/wp-content\/uploads\/2020\/12\/logo-komatsu-100x100.jpg 100w\" sizes=\"(max-width: 300px) 100vw, 300px\" \/>\t\t<h2 class=\"woocommerce-loop-category__title\">\n\t\t\tKOMATSU<mark class=\"count\">2 Produtos<\/mark>\t\t<\/h2>\n\t\t<\/a><\/li>\n<li class=\"product-category product\">\n\t<a aria-label=\"Visit product category NEW HOLLAND\" href=\"https:\/\/gruporer.site\/oring\/categoria-produto\/new-holland\/\"><img loading=\"lazy\" decoding=\"async\" src=\"https:\/\/gruporer.site\/oring\/wp-content\/uploads\/2020\/12\/logo-newholland.jpg\" alt=\"NEW HOLLAND\" width=\"300\" height=\"300\" srcset=\"https:\/\/gruporer.site\/oring\/wp-content\/uploads\/2020\/12\/logo-newholland.jpg 300w, https:\/\/gruporer.site\/oring\/wp-content\/uploads\/2020\/12\/logo-newholland-150x150.jpg 150w, https:\/\/gruporer.site\/oring\/wp-content\/uploads\/2020\/12\/logo-newholland-100x100.jpg 100w\" sizes=\"(max-width: 300px) 100vw, 300px\" \/>\t\t<h2 class=\"woocommerce-loop-category__title\">\n\t\t\tNEW HOLLAND<mark class=\"count\">2 Produtos<\/mark>\t\t<\/h2>\n\t\t<\/a><\/li>\n<li class=\"product-category product last\">\n\t<a aria-label=\"Visit product category VOLVO\" href=\"https:\/\/gruporer.site\/oring\/categoria-produto\/volvo\/\"><img loading=\"lazy\" decoding=\"async\" src=\"https:\/\/gruporer.site\/oring\/wp-content\/uploads\/2020\/12\/logo-volvo.jpg\" alt=\"VOLVO\" width=\"300\" height=\"300\" srcset=\"https:\/\/gruporer.site\/oring\/wp-content\/uploads\/2020\/12\/logo-volvo.jpg 300w, https:\/\/gruporer.site\/oring\/wp-content\/uploads\/2020\/12\/logo-volvo-150x150.jpg 150w, https:\/\/gruporer.site\/oring\/wp-content\/uploads\/2020\/12\/logo-volvo-100x100.jpg 100w\" sizes=\"(max-width: 300px) 100vw, 300px\" \/>\t\t<h2 class=\"woocommerce-loop-category__title\">\n\t\t\tVOLVO<mark class=\"count\">2 Produtos<\/mark>\t\t<\/h2>\n\t\t<\/a><\/li>\n<\/ul>\n<\/div><\/div>\n\t\t\t\t<\/div>\n\t\t\t\t<\/div>\n\t\t\t\t\t<\/div>\n\t\t<\/div>\n\t\t\t\t\t<\/div>\n\t\t<\/section>\n\t\t\t\t<\/div>\n\t\t","protected":false},"excerpt":{"rendered":"<p>Categorias Nosso cat\u00e1logo de produtos e vastos, procure pro categorias, se n\u00e3o encontrar entre em contato gostar\u00edamos de lhe atender da melhor maneira poss\u00edvel.<\/p>\n","protected":false},"author":1,"featured_media":0,"parent":0,"menu_order":0,"comment_status":"closed","ping_status":"closed","template":"","meta":{"site-sidebar-layout":"no-sidebar","site-content-layout":"page-builder","ast-site-content-layout":"","site-content-style":"default","site-sidebar-style":"default","ast-global-header-display":"","ast-banner-title-visibility":"","ast-main-header-display":"","ast-hfb-above-header-display":"","ast-hfb-below-header-display":"","ast-hfb-mobile-header-display":"","site-post-title":"disabled","ast-breadcrumbs-content":"","ast-featured-img":"disabled","footer-sml-layout":"","theme-transparent-header-meta":"default","adv-header-id-meta":"","stick-header-meta":"","header-above-stick-meta":"","header-main-stick-meta":"","header-below-stick-meta":"","astra-migrate-meta-layouts":"default","ast-page-background-enabled":"default","ast-page-background-meta":{"desktop":{"background-color":"","background-image":"","background-repeat":"repeat","background-position":"center center","background-size":"auto","background-attachment":"scroll","background-type":"","background-media":"","overlay-type":"","overlay-color":"","overlay-opacity":"","overlay-gradient":""},"tablet":{"background-color":"","background-image":"","background-repeat":"repeat","background-position":"center center","background-size":"auto","background-attachment":"scroll","background-type":"","background-media":"","overlay-type":"","overlay-color":"","overlay-opacity":"","overlay-gradient":""},"mobile":{"background-color":"","background-image":"","background-repeat":"repeat","background-position":"center center","background-size":"auto","background-attachment":"scroll","background-type":"","background-media":"","overlay-type":"","overlay-color":"","overlay-opacity":"","overlay-gradient":""}},"ast-content-background-meta":{"desktop":{"background-color":"var(--ast-global-color-5)","background-image":"","background-repeat":"repeat","background-position":"center center","background-size":"auto","background-attachment":"scroll","background-type":"","background-media":"","overlay-type":"","overlay-color":"","overlay-opacity":"","overlay-gradient":""},"tablet":{"background-color":"var(--ast-global-color-5)","background-image":"","background-repeat":"repeat","background-position":"center center","background-size":"auto","background-attachment":"scroll","background-type":"","background-media":"","overlay-type":"","overlay-color":"","overlay-opacity":"","overlay-gradient":""},"mobile":{"background-color":"var(--ast-global-color-5)","background-image":"","background-repeat":"repeat","background-position":"center center","background-size":"auto","background-attachment":"scroll","background-type":"","background-media":"","overlay-type":"","overlay-color":"","overlay-opacity":"","overlay-gradient":""}},"footnotes":""},"class_list":["post-909","page","type-page","status-publish","hentry"],"_links":{"self":[{"href":"https:\/\/gruporer.site\/oring\/wp-json\/wp\/v2\/pages\/909"}],"collection":[{"href":"https:\/\/gruporer.site\/oring\/wp-json\/wp\/v2\/pages"}],"about":[{"href":"https:\/\/gruporer.site\/oring\/wp-json\/wp\/v2\/types\/page"}],"author":[{"embeddable":true,"href":"https:\/\/gruporer.site\/oring\/wp-json\/wp\/v2\/users\/1"}],"replies":[{"embeddable":true,"href":"https:\/\/gruporer.site\/oring\/wp-json\/wp\/v2\/comments?post=909"}],"version-history":[{"count":28,"href":"https:\/\/gruporer.site\/oring\/wp-json\/wp\/v2\/pages\/909\/revisions"}],"predecessor-version":[{"id":1395,"href":"https:\/\/gruporer.site\/oring\/wp-json\/wp\/v2\/pages\/909\/revisions\/1395"}],"wp:attachment":[{"href":"https:\/\/gruporer.site\/oring\/wp-json\/wp\/v2\/media?parent=909"}],"curies":[{"name":"wp","href":"https:\/\/api.w.org\/{rel}","templated":true}]}}